{"id":2,"date":"2025-11-03T13:37:03","date_gmt":"2025-11-03T12:37:03","guid":{"rendered":"http:\/\/pepamerlo.es\/?page_id=2"},"modified":"2025-11-03T13:37:36","modified_gmt":"2025-11-03T12:37:36","slug":"pagina-ejemplo","status":"publish","type":"page","link":"https:\/\/pepamerlo.es\/?page_id=2","title":{"rendered":"Acerca de&#8230;"},"content":{"rendered":"\n<div class=\"wp-block-group alignfull has-background-color has-foreground-background-color has-text-color has-background has-link-color wp-elements-87874e4f4ce5d1f6408b774568e6c0f5 is-layout-constrained wp-block-group-is-layout-constrained\" style=\"padding-top:0px;padding-bottom:var(--wp--custom--spacing--large, 8rem)\">\n<div class=\"wp-block-group alignfull is-layout-constrained wp-block-group-is-layout-constrained\" style=\"padding-top:0px;padding-bottom:0px\">\n<div class=\"wp-block-group alignwide is-content-justification-space-between is-layout-flex wp-container-core-group-is-layout-5d39869e wp-block-group-is-layout-flex\" style=\"padding-top:var(--wp--custom--spacing--small, 1.25rem);padding-bottom:var(--wp--custom--spacing--large, 8rem)\">\n<div class=\"wp-block-group is-layout-flex wp-block-group-is-layout-flex\">\n\n<h1 style=\"font-style:italic;font-weight:400;\" class=\"wp-block-site-title\"><a href=\"https:\/\/pepamerlo.es\" target=\"_self\" rel=\"home\">pepamerlo.es<\/a><\/h1><\/div>\n\n\n<nav class=\"is-responsive items-justified-right wp-block-navigation is-content-justification-right is-layout-flex wp-container-core-navigation-is-layout-f665d2b5 wp-block-navigation-is-layout-flex\" \n\t\t data-wp-interactive=\"core\/navigation\" data-wp-context='{\"overlayOpenedBy\":{\"click\":false,\"hover\":false,\"focus\":false},\"type\":\"overlay\",\"roleAttribute\":\"\",\"ariaLabel\":\"Men\\u00fa\"}'><button aria-haspopup=\"dialog\" aria-label=\"Abrir el men\u00fa\" class=\"wp-block-navigation__responsive-container-open\" \n\t\t\t\tdata-wp-on-async--click=\"actions.openMenuOnClick\"\n\t\t\t\tdata-wp-on--keydown=\"actions.handleMenuKeydown\"\n\t\t\t><svg width=\"24\" height=\"24\" xmlns=\"http:\/\/www.w3.org\/2000\/svg\" viewBox=\"0 0 24 24\" aria-hidden=\"true\" focusable=\"false\"><rect x=\"4\" y=\"7.5\" width=\"16\" height=\"1.5\" \/><rect x=\"4\" y=\"15\" width=\"16\" height=\"1.5\" \/><\/svg><\/button>\n\t\t\t\t<div class=\"wp-block-navigation__responsive-container\"  id=\"modal-1\" \n\t\t\t\tdata-wp-class--has-modal-open=\"state.isMenuOpen\"\n\t\t\t\tdata-wp-class--is-menu-open=\"state.isMenuOpen\"\n\t\t\t\tdata-wp-watch=\"callbacks.initMenu\"\n\t\t\t\tdata-wp-on--keydown=\"actions.handleMenuKeydown\"\n\t\t\t\tdata-wp-on-async--focusout=\"actions.handleMenuFocusout\"\n\t\t\t\ttabindex=\"-1\"\n\t\t\t>\n\t\t\t\t\t<div class=\"wp-block-navigation__responsive-close\" tabindex=\"-1\">\n\t\t\t\t\t\t<div class=\"wp-block-navigation__responsive-dialog\" \n\t\t\t\tdata-wp-bind--aria-modal=\"state.ariaModal\"\n\t\t\t\tdata-wp-bind--aria-label=\"state.ariaLabel\"\n\t\t\t\tdata-wp-bind--role=\"state.roleAttribute\"\n\t\t\t>\n\t\t\t\t\t\t\t<button aria-label=\"Cerrar el men\u00fa\" class=\"wp-block-navigation__responsive-container-close\" \n\t\t\t\tdata-wp-on-async--click=\"actions.closeMenuOnClick\"\n\t\t\t><svg xmlns=\"http:\/\/www.w3.org\/2000\/svg\" viewBox=\"0 0 24 24\" width=\"24\" height=\"24\" aria-hidden=\"true\" focusable=\"false\"><path d=\"m13.06 12 6.47-6.47-1.06-1.06L12 10.94 5.53 4.47 4.47 5.53 10.94 12l-6.47 6.47 1.06 1.06L12 13.06l6.47 6.47 1.06-1.06L13.06 12Z\"><\/path><\/svg><\/button>\n\t\t\t\t\t\t\t<div class=\"wp-block-navigation__responsive-container-content\" \n\t\t\t\tdata-wp-watch=\"callbacks.focusFirstElement\"\n\t\t\t id=\"modal-1-content\">\n\t\t\t\t\t\t\t\t<ul class=\"wp-block-navigation__container is-responsive items-justified-right wp-block-navigation\"><ul class=\"wp-block-page-list\"><li class=\"wp-block-pages-list__item wp-block-navigation-item open-on-hover-click\"><a class=\"wp-block-pages-list__item__link wp-block-navigation-item__content\" href=\"https:\/\/pepamerlo.es\/?page_id=2\">Acerca de&#8230;<\/a><\/li><li class=\"wp-block-pages-list__item wp-block-navigation-item open-on-hover-click\"><a class=\"wp-block-pages-list__item__link wp-block-navigation-item__content\" href=\"https:\/\/pepamerlo.es\/?page_id=125\">EN ESCENA&#8230;<\/a><\/li><li class=\"wp-block-pages-list__item wp-block-navigation-item open-on-hover-click\"><a class=\"wp-block-pages-list__item__link wp-block-navigation-item__content\" href=\"https:\/\/pepamerlo.es\/?page_id=409\">LA EDITORIAL&#8230;.<\/a><\/li><li class=\"wp-block-pages-list__item wp-block-navigation-item open-on-hover-click\"><a class=\"wp-block-pages-list__item__link wp-block-navigation-item__content\" href=\"https:\/\/pepamerlo.es\/?page_id=32\">LIBROS&#8230;<\/a><\/li><li class=\"wp-block-pages-list__item wp-block-navigation-item open-on-hover-click\"><a class=\"wp-block-pages-list__item__link wp-block-navigation-item__content\" href=\"https:\/\/pepamerlo.es\/?page_id=80\">Una afici\u00f3n&#8230; La Fotograf\u00eda.<\/a><\/li><\/ul><\/ul>\n\t\t\t\t\t\t\t<\/div>\n\t\t\t\t\t\t<\/div>\n\t\t\t\t\t<\/div>\n\t\t\t\t<\/div><\/nav><\/div>\n\n\n\n<figure class=\"wp-block-image size-large is-resized\"><img loading=\"lazy\" decoding=\"async\" width=\"1024\" height=\"682\" src=\"https:\/\/pepamerlo.es\/wp-content\/uploads\/2024\/01\/FOTO-SEVILLA-LUIS-SERRANO-2-1-1024x682.jpeg\" alt=\"\" class=\"wp-image-49\" style=\"width:650px;height:auto\" srcset=\"https:\/\/pepamerlo.es\/wp-content\/uploads\/2024\/01\/FOTO-SEVILLA-LUIS-SERRANO-2-1-1024x682.jpeg 1024w, https:\/\/pepamerlo.es\/wp-content\/uploads\/2024\/01\/FOTO-SEVILLA-LUIS-SERRANO-2-1-300x200.jpeg 300w, https:\/\/pepamerlo.es\/wp-content\/uploads\/2024\/01\/FOTO-SEVILLA-LUIS-SERRANO-2-1-768x512.jpeg 768w, https:\/\/pepamerlo.es\/wp-content\/uploads\/2024\/01\/FOTO-SEVILLA-LUIS-SERRANO-2-1-1536x1023.jpeg 1536w, https:\/\/pepamerlo.es\/wp-content\/uploads\/2024\/01\/FOTO-SEVILLA-LUIS-SERRANO-2-1.jpeg 1600w\" sizes=\"auto, (max-width: 1024px) 100vw, 1024px\" \/><\/figure>\n\n\n\n<h2 class=\"wp-block-heading alignwide\" style=\"font-size:clamp(3.25rem, 8vw, 6.25rem);line-height:1.15\">PEPA MERLO<\/h2>\n\n\n\n<p>BIOGRAF\u00cdA<\/p>\n<\/div>\n<\/div>\n\n\n\n<div style=\"height:66px\" aria-hidden=\"true\" class=\"wp-block-spacer\"><\/div>\n\n\n\n<div class=\"wp-block-group is-layout-constrained wp-block-group-is-layout-constrained\">\n<p class=\"has-text-align-left\">Doctora en Filolog\u00eda Espa\u00f1ola. Premio Extraordinario de Doctorado por la Universidad de Granada. Ha sido profesora de Literatura en la Universidad de Granada. Actualmente dirige el Grado en Lengua y Literatura Espa\u00f1olas de la Universidad Internacional de Valencia. Profesora del Grado de Humanidades y del Grado de Comunicaci\u00f3n en la Universidad Internacional de Valencia (VIU). <br>Ha publicado los libros <em><strong>Todos los cuentos, el cuento<\/strong>,<\/em> en la colecci\u00f3n de narrativa de la Diputaci\u00f3n de C\u00e1diz (2007), <em><strong>El haza de las viudas <\/strong><\/em>(20098) en la colecci\u00f3n Espuela de Plata de la editorial Renacimiento (con pr\u00f3logo de Almudena Grandes y portada de Juan Vida) y <em><strong>Peces en la Tierra. Antolog\u00eda de mujeres poetas en torno a la Generaci\u00f3n del 27<\/strong><\/em> (2010), editado por la Fundaci\u00f3n Jos\u00e9 Manuel Lara en la colecci\u00f3n Vandalia y con la colaboraci\u00f3n del Centro Generaci\u00f3n del 27 de M\u00e1laga. En el 2022 se public\u00f3, tambi\u00e9n en la colecci\u00f3n Vandalia, <em><strong>Con un traje de luna. Di\u00e1logo de voces femeninas de la primera mitad del siglo XX<\/strong><\/em>. En este mismo a\u00f1o apareci\u00f3 la biograf\u00eda del poeta Rafael Guill\u00e9n. <em><strong>Rafael Guill\u00e9n. Del conocimiento al asombro<\/strong><\/em>, dentro de la colecci\u00f3n Cl\u00e1sicos Singulares del Centro Andaluz de las Letras que coordina la Agencia Andaluza de Instituciones Culturales.<br>En 2018 public\u00f3 la edici\u00f3n cr\u00edtica del<strong> <em>Div\u00e1n del Tamarit<\/em> de Federico Garc\u00eda Lorca <\/strong>en la editorial C\u00c1TEDRA.<\/p>\n\n\n\n<p class=\"has-text-align-left\">En 2025 acaba de aparecer <em><strong>Sade en Roma<\/strong><\/em> (Ediciones Traspi\u00e9s). La traducci\u00f3n del viaje a Roma del Marqu\u00e9s de Sade, un texto in\u00e9dito hasta el momento en Espa\u00f1a. <br>Especializada en Poes\u00eda, prosa y teatro del siglo XIX y XX, en Generaci\u00f3n del 27 y fundamentalmente en Federico Garc\u00eda Lorca y la literatura escrita por mujeres en la primera mitad de siglo XX, sus art\u00edculos cr\u00edticos y de investigaci\u00f3n han aparecido en las revistas m\u00e1s prestigiosas, sito, <em>Revista de cr\u00edtica literaria latinoamericana<\/em> (\u201cRub\u00e9n Dar\u00edo en Lorca\u201d vol. 67. 2008), <em>Cuadernos Hispanoamericanos <\/em>(\u201cCuando la mujer no es m\u00e1gica. Un estudio a prop\u00f3sito de Elena Garro\u201d n\u00ba 803. 2017), <em>Letral. Revista Electr\u00f3nica de Estudios Trasatl\u00e1nticos <\/em>(\u201cMemorias Trasatl\u00e1nticas de la guerra civil espa\u00f1ola. Un paralelismo entre M\u00aa Teresa Le\u00f3n y Elena Garro\u201d. N\u00ba. 7. 2011), <em>I Quaderni Ibero-Americani <\/em>(\u201cCuando los membrillos corren\u201d. An\u00e1lisis del Div\u00e1n del Tamarit de Federico Garc\u00eda Lorca vol.107. 2016), <em>El Maquinista de la Generaci\u00f3n <\/em>(\u201cA prop\u00f3sito de Peces en la tierra. Antolog\u00eda de mujeres poetas en torno a la Generaci\u00f3n del 27\u201d. Vol. 18-19. 2010.), <em>La Manzana Po\u00e9tica<\/em> (\u201cEl futuro tomar\u00e1 tus riendas\u201d. Vol. 36. 2014), I<em>dentidad autorial femenina y comunicaci\u00f3n epistolar<\/em> (\u201cDespu\u00e9s de la tormenta, el silencio\u201d. Un estudio de Elisabeth Mulder\u201d. UNED. 2018.), <em>La tradici\u00f3n de las rupturas en las literaturas hisp\u00e1nicas<\/em> (\u201cHistoria de una l\u00facida locura. A prop\u00f3sito de Elena Garro. Unv. E\u00f6tvos Lorand. Budapest. 2016), <em>Am\u00e9rica tierra de utop\u00edas <\/em>(\u201cNunca m\u00e1s he vuelto a hablar con ella. A prop\u00f3sito del exilio espa\u00f1ol femenino\u201d. Unv. E\u00f6tvos Lorand. Budapest. 2017).<em> Entre Actos<\/em>. VI Congreso Letral de Teatro en el \u00e1mbito hisp\u00e1nico. Siglo XXI. Universidad de Granada (2022) (\u00abLa dramatizaci\u00f3n del fin de un tiempo: El d\u00eda que mataron a Lennon de \u00c1lvaro Salvador\u00bb). <em>Zenobia&amp;Co.: Escritoras, artistas e intelectuales en la \u00f3rbita de Zenobia Camprub\u00ed<\/em>. Unversidad de Huelva. Fundaci\u00f3n Juan Ram\u00f3n Jim\u00e9nez y Zenobia Camprub\u00ed (\u00abUn sat\u00e9lite llamado Zenobia\u00bb).<br>Ha participado en congresos y encuentros en diferentes universidades nacionales e internacionales: \u201cV Congreso Internacional de Estudios Trasatl\u00e1nticos\u201d, Brown University (\u201cUna nueva relectura de la Generaci\u00f3n del 27: Las mujeres poetas de la Segunda Rep\u00fablica espa\u00f1ola\u201d); Jornadas Internacionales \u201cUna asamblea de Quijotes, un batall\u00f3n de voluntarios con gafas\u2026 El Congreso de Escritores Antifascistas 80 a\u00f1os despu\u00e9s 1937-2017\u201d, Universidad Complutense de Madrid (\u201cAntifascistas de pelo rubio y u\u00f1as rojas\u201d. Presencia femenina en el Congreso Antifascista espa\u00f1ol de 1937); Congreso Internacional \u201cLa doble orilla: Poetas espa\u00f1olas e hispanoamericanas del siglo XX\u201d Unv. de Huelva (2017) (\u201cSombras de todos los tiempos: Mujeres poetas en torno a la Generaci\u00f3n del 27); D\u00eda Internacional de la mujer trabajadora. Unv. de Granada 2020 (\u201cLl\u00e1mame bruja. Ll\u00e1mame loca. Desmontando t\u00f3picos\u201d), y un largo etc\u00e9tera de publicaciones en revistas, cap\u00edtulos de libros, actas de congresos, participaci\u00f3n en seminarios, etc.<br>Forma parte del grupo de investigaci\u00f3n Estudios Literarios de la Universidad de Granada.<br>En 2018 realiz\u00f3 la edici\u00f3n (y pr\u00f3logo) de la primera novela de Elisabeth Mulder, <em><strong>Una sombra entre los dos<\/strong><\/em>, publicada por la editorial Renacimiento en su colecci\u00f3n Espuela de Plata. Y en el a\u00f1o 2021 realiz\u00f3 la edici\u00f3n, pr\u00f3logo y ep\u00edlogo de la novela p\u00f3stuma de esta misma autora, <em><strong>El retablo de Salom\u00e9 Amat<\/strong><\/em>, (Espuela de Plata de la editorial Renacimiento). En este 2023 ha publicado la edici\u00f3n de <strong><em>Sinfon\u00eda en rojo <\/em>en la colecci\u00f3n Genialog\u00edas<\/strong> de la editorial Tigres de Papel.<\/p>\n<\/div>\n\n\n\n<p>Ha sido incluida en las Antolog\u00edas: <em>Cuentos del Alambre<\/em> de la editorial Traspi\u00e9s (Granada 2004), <em>Cuento Vivo de Andaluc\u00eda<\/em> editado por la Universidad de Guadalajara, M\u00e9xico (2006) y <em>Peque\u00f1as Resistencias. Antolog\u00eda del nuevo cuento espa\u00f1ol<\/em> (Madrid, P\u00e1ginas de Espuma, 2010). Sus relatos han aparecido en distintas publicaciones: <em>Letra Clara<\/em>, <em>Extramuros, Muchocuento (<\/em>microrrelatos n\u00ba 5), <em>El Maquinista de la Generaci\u00f3n<\/em> o <em>Campo de Agramante<\/em>, entre otras.<br>Sus relatos han sido traducidos al ingl\u00e9s y al franc\u00e9s.<\/p>\n\n\n\n<p>Junto a los m\u00fasicos Rafa Mora, Moncho Otero, Juan Antonio Loro y Manu Clavijo, desde el a\u00f1o 2011 representan el espect\u00e1culo: \u201cDonde me pidas, ir\u00e9. Versos de otro tiempo\u201d, sobre las poetas de la primera treintena del siglo XX, y \u201cEscribo como escribo. Deshaciendo lo injusto\u201d, un espect\u00e1culo po\u00e9tico musical sobre Gloria Fuertes. En la navidad del 2023 estren\u00f3 el espect\u00e1culo \u00abCaminos estelares\u00bb, estrenado en la Navidad del 2023.<\/p>\n\n\n\n<p>Con motivo del centenario del Concurso de Cante Jondo de 1922, en el 2022 dirigi\u00f3 y estren\u00f3 el espect\u00e1culo flamenco Granada. Femenino singular con Juan Pinilla al cante, David Caro a la guitarra y Ver\u00f3nica F\u00fcredi al viol\u00edn y con fondos y escenograf\u00eda de Alfonso Perroraro. En la navidad del 2023 estren\u00f3 el espect\u00e1culo \u00abAl son del tamborilero\u00bb.<br>Desde el 2018 al 2022 fue colaboradora del Grupo Joly escribiendo diversos art\u00edculos y una columna semanal en el diario <em>Granada Hoy<\/em>, bajo el ep\u00edgrafe \u00abOjo de pez\u201d. Actualmente colabora con el diario <em>Independiente de Granada<\/em>.<br>Con Almudena Rubio, Concepci\u00f3n Gonz\u00e1lez-Bad\u00eda y Conchi Molina fund\u00f3 en el a\u00f1o 2020 la editorial <a href=\"https:\/\/www.elenves.com\/\" title=\"ELENV\u00c9S EDITORAS\">ELENV\u00c9S EDITORAS<\/a><\/p>\n\n\n\n<div style=\"height:66px\" aria-hidden=\"true\" class=\"wp-block-spacer\"><\/div>\n\n\n\n<p><\/p>\n","protected":false},"excerpt":{"rendered":"<p>PEPA MERLO BIOGRAF\u00cdA Doctora en Filolog\u00eda Espa\u00f1ola. Premio Extraordinario de Doctorado por la Universidad de Granada. Ha sido profesora de Literatura en la Universidad de Granada. Actualmente dirige el Grado en Lengua y Literatura Espa\u00f1olas de la Universidad Internacional de Valencia. Profesora del Grado de Humanidades y del Grado de Comunicaci\u00f3n en la Universidad Internacional [&hellip;]<\/p>\n","protected":false},"author":1,"featured_media":0,"parent":0,"menu_order":0,"comment_status":"closed","ping_status":"closed","template":"","meta":{"footnotes":""},"class_list":["post-2","page","type-page","status-publish","hentry"],"aioseo_notices":[],"_links":{"self":[{"href":"https:\/\/pepamerlo.es\/index.php?rest_route=\/wp\/v2\/pages\/2","targetHints":{"allow":["GET"]}}],"collection":[{"href":"https:\/\/pepamerlo.es\/index.php?rest_route=\/wp\/v2\/pages"}],"about":[{"href":"https:\/\/pepamerlo.es\/index.php?rest_route=\/wp\/v2\/types\/page"}],"author":[{"embeddable":true,"href":"https:\/\/pepamerlo.es\/index.php?rest_route=\/wp\/v2\/users\/1"}],"replies":[{"embeddable":true,"href":"https:\/\/pepamerlo.es\/index.php?rest_route=%2Fwp%2Fv2%2Fcomments&post=2"}],"version-history":[{"count":14,"href":"https:\/\/pepamerlo.es\/index.php?rest_route=\/wp\/v2\/pages\/2\/revisions"}],"predecessor-version":[{"id":466,"href":"https:\/\/pepamerlo.es\/index.php?rest_route=\/wp\/v2\/pages\/2\/revisions\/466"}],"wp:attachment":[{"href":"https:\/\/pepamerlo.es\/index.php?rest_route=%2Fwp%2Fv2%2Fmedia&parent=2"}],"curies":[{"name":"wp","href":"https:\/\/api.w.org\/{rel}","templated":true}]}}