{"id":125,"date":"2024-01-04T18:38:53","date_gmt":"2024-01-04T17:38:53","guid":{"rendered":"https:\/\/pepamerlo.es\/?page_id=125"},"modified":"2025-03-16T13:55:21","modified_gmt":"2025-03-16T12:55:21","slug":"en-escena","status":"publish","type":"page","link":"https:\/\/pepamerlo.es\/?page_id=125","title":{"rendered":"EN ESCENA&#8230;"},"content":{"rendered":"\n<figure class=\"wp-block-image alignleft size-full is-resized\"><img loading=\"lazy\" decoding=\"async\" width=\"688\" height=\"239\" src=\"https:\/\/pepamerlo.es\/wp-content\/uploads\/2024\/01\/Captura-de-pantalla-2024-01-04-a-las-12.18.51-1.jpg\" alt=\"\" class=\"wp-image-127\" style=\"width:1158px;height:auto\" srcset=\"https:\/\/pepamerlo.es\/wp-content\/uploads\/2024\/01\/Captura-de-pantalla-2024-01-04-a-las-12.18.51-1.jpg 688w, https:\/\/pepamerlo.es\/wp-content\/uploads\/2024\/01\/Captura-de-pantalla-2024-01-04-a-las-12.18.51-1-300x104.jpg 300w\" sizes=\"auto, (max-width: 688px) 100vw, 688px\" \/><\/figure>\n\n\n\n<p><\/p>\n\n\n\n<figure class=\"wp-block-image size-large\"><img loading=\"lazy\" decoding=\"async\" width=\"1024\" height=\"768\" src=\"http:\/\/pepamerlo.es\/wp-content\/uploads\/2024\/01\/P1100221-1024x768.jpeg\" alt=\"\" class=\"wp-image-250\" srcset=\"https:\/\/pepamerlo.es\/wp-content\/uploads\/2024\/01\/P1100221-1024x768.jpeg 1024w, https:\/\/pepamerlo.es\/wp-content\/uploads\/2024\/01\/P1100221-300x225.jpeg 300w, https:\/\/pepamerlo.es\/wp-content\/uploads\/2024\/01\/P1100221-768x576.jpeg 768w, https:\/\/pepamerlo.es\/wp-content\/uploads\/2024\/01\/P1100221-1536x1152.jpeg 1536w, https:\/\/pepamerlo.es\/wp-content\/uploads\/2024\/01\/P1100221-2048x1536.jpeg 2048w\" sizes=\"auto, (max-width: 1024px) 100vw, 1024px\" \/><\/figure>\n\n\n\n<p>Con Rafa Mora, Moncho Otero y Juan Antonio Loro en el espect\u00e1culo <em>Versos de otro tiempo. <\/em><\/p>\n\n\n\n<figure class=\"wp-block-image size-large\"><img loading=\"lazy\" decoding=\"async\" width=\"1024\" height=\"768\" src=\"http:\/\/pepamerlo.es\/wp-content\/uploads\/2024\/01\/P1100279-1024x768.jpeg\" alt=\"\" class=\"wp-image-142\" srcset=\"https:\/\/pepamerlo.es\/wp-content\/uploads\/2024\/01\/P1100279-1024x768.jpeg 1024w, https:\/\/pepamerlo.es\/wp-content\/uploads\/2024\/01\/P1100279-300x225.jpeg 300w, https:\/\/pepamerlo.es\/wp-content\/uploads\/2024\/01\/P1100279-768x576.jpeg 768w, https:\/\/pepamerlo.es\/wp-content\/uploads\/2024\/01\/P1100279-1536x1152.jpeg 1536w, https:\/\/pepamerlo.es\/wp-content\/uploads\/2024\/01\/P1100279-2048x1536.jpeg 2048w\" sizes=\"auto, (max-width: 1024px) 100vw, 1024px\" \/><\/figure>\n\n\n\n<figure class=\"wp-block-image size-large\"><img loading=\"lazy\" decoding=\"async\" width=\"1024\" height=\"768\" src=\"http:\/\/pepamerlo.es\/wp-content\/uploads\/2024\/01\/P1100273-1024x768.jpeg\" alt=\"\" class=\"wp-image-249\" srcset=\"https:\/\/pepamerlo.es\/wp-content\/uploads\/2024\/01\/P1100273-1024x768.jpeg 1024w, https:\/\/pepamerlo.es\/wp-content\/uploads\/2024\/01\/P1100273-300x225.jpeg 300w, https:\/\/pepamerlo.es\/wp-content\/uploads\/2024\/01\/P1100273-768x576.jpeg 768w, https:\/\/pepamerlo.es\/wp-content\/uploads\/2024\/01\/P1100273-1536x1152.jpeg 1536w, https:\/\/pepamerlo.es\/wp-content\/uploads\/2024\/01\/P1100273-2048x1536.jpeg 2048w\" sizes=\"auto, (max-width: 1024px) 100vw, 1024px\" \/><\/figure>\n\n\n\n<figure class=\"wp-block-image size-large\"><img loading=\"lazy\" decoding=\"async\" width=\"1024\" height=\"768\" src=\"http:\/\/pepamerlo.es\/wp-content\/uploads\/2024\/01\/P1140285-1024x768.jpeg\" alt=\"\" class=\"wp-image-190\" srcset=\"https:\/\/pepamerlo.es\/wp-content\/uploads\/2024\/01\/P1140285-1024x768.jpeg 1024w, https:\/\/pepamerlo.es\/wp-content\/uploads\/2024\/01\/P1140285-300x225.jpeg 300w, https:\/\/pepamerlo.es\/wp-content\/uploads\/2024\/01\/P1140285-768x576.jpeg 768w, https:\/\/pepamerlo.es\/wp-content\/uploads\/2024\/01\/P1140285-1536x1152.jpeg 1536w, https:\/\/pepamerlo.es\/wp-content\/uploads\/2024\/01\/P1140285-2048x1536.jpeg 2048w\" sizes=\"auto, (max-width: 1024px) 100vw, 1024px\" \/><\/figure>\n\n\n\n<p>Con Juan Antonio Loro en el espect\u00e1culo <em>Deshaciendo lo injusto<\/em> sobre Gloria Fuertes.<\/p>\n\n\n\n<figure class=\"wp-block-image size-large\"><img loading=\"lazy\" decoding=\"async\" width=\"1024\" height=\"462\" src=\"https:\/\/pepamerlo.es\/wp-content\/uploads\/2025\/03\/PHOTO-2024-12-07-17-18-14-1024x462.jpg\" alt=\"\" class=\"wp-image-427\" srcset=\"https:\/\/pepamerlo.es\/wp-content\/uploads\/2025\/03\/PHOTO-2024-12-07-17-18-14-1024x462.jpg 1024w, https:\/\/pepamerlo.es\/wp-content\/uploads\/2025\/03\/PHOTO-2024-12-07-17-18-14-300x135.jpg 300w, https:\/\/pepamerlo.es\/wp-content\/uploads\/2025\/03\/PHOTO-2024-12-07-17-18-14-768x346.jpg 768w, https:\/\/pepamerlo.es\/wp-content\/uploads\/2025\/03\/PHOTO-2024-12-07-17-18-14-1536x692.jpg 1536w, https:\/\/pepamerlo.es\/wp-content\/uploads\/2025\/03\/PHOTO-2024-12-07-17-18-14.jpg 2048w\" sizes=\"auto, (max-width: 1024px) 100vw, 1024px\" \/><\/figure>\n\n\n\n<figure class=\"wp-block-image size-large is-resized\"><img loading=\"lazy\" decoding=\"async\" width=\"1024\" height=\"768\" src=\"https:\/\/pepamerlo.es\/wp-content\/uploads\/2025\/03\/PHOTO-2024-11-21-09-58-44-1-1024x768.jpg\" alt=\"\" class=\"wp-image-428\" style=\"width:651px;height:auto\" srcset=\"https:\/\/pepamerlo.es\/wp-content\/uploads\/2025\/03\/PHOTO-2024-11-21-09-58-44-1-1024x768.jpg 1024w, https:\/\/pepamerlo.es\/wp-content\/uploads\/2025\/03\/PHOTO-2024-11-21-09-58-44-1-300x225.jpg 300w, https:\/\/pepamerlo.es\/wp-content\/uploads\/2025\/03\/PHOTO-2024-11-21-09-58-44-1-768x576.jpg 768w, https:\/\/pepamerlo.es\/wp-content\/uploads\/2025\/03\/PHOTO-2024-11-21-09-58-44-1-1536x1152.jpg 1536w, https:\/\/pepamerlo.es\/wp-content\/uploads\/2025\/03\/PHOTO-2024-11-21-09-58-44-1.jpg 1600w\" sizes=\"auto, (max-width: 1024px) 100vw, 1024px\" \/><\/figure>\n\n\n\n<figure class=\"wp-block-image size-large\"><img loading=\"lazy\" decoding=\"async\" width=\"1024\" height=\"768\" src=\"https:\/\/pepamerlo.es\/wp-content\/uploads\/2025\/03\/PHOTO-2024-11-21-09-58-44-1024x768.jpg\" alt=\"\" class=\"wp-image-429\" srcset=\"https:\/\/pepamerlo.es\/wp-content\/uploads\/2025\/03\/PHOTO-2024-11-21-09-58-44-1024x768.jpg 1024w, https:\/\/pepamerlo.es\/wp-content\/uploads\/2025\/03\/PHOTO-2024-11-21-09-58-44-300x225.jpg 300w, https:\/\/pepamerlo.es\/wp-content\/uploads\/2025\/03\/PHOTO-2024-11-21-09-58-44-768x576.jpg 768w, https:\/\/pepamerlo.es\/wp-content\/uploads\/2025\/03\/PHOTO-2024-11-21-09-58-44-1536x1152.jpg 1536w, https:\/\/pepamerlo.es\/wp-content\/uploads\/2025\/03\/PHOTO-2024-11-21-09-58-44.jpg 1600w\" sizes=\"auto, (max-width: 1024px) 100vw, 1024px\" \/><\/figure>\n\n\n\n<figure class=\"wp-block-image size-full\"><img loading=\"lazy\" decoding=\"async\" width=\"1024\" height=\"768\" src=\"https:\/\/pepamerlo.es\/wp-content\/uploads\/2025\/03\/PHOTO-2023-11-18-11-55-47.jpg\" alt=\"\" class=\"wp-image-430\" srcset=\"https:\/\/pepamerlo.es\/wp-content\/uploads\/2025\/03\/PHOTO-2023-11-18-11-55-47.jpg 1024w, https:\/\/pepamerlo.es\/wp-content\/uploads\/2025\/03\/PHOTO-2023-11-18-11-55-47-300x225.jpg 300w, https:\/\/pepamerlo.es\/wp-content\/uploads\/2025\/03\/PHOTO-2023-11-18-11-55-47-768x576.jpg 768w\" sizes=\"auto, (max-width: 1024px) 100vw, 1024px\" \/><\/figure>\n\n\n\n<p>Espect\u00e1culo \u00ab<strong><em>Donde me pidas, ir\u00e9<\/em><\/strong>\u00bb con Rafa Mora, Moncho Otero, Manu Clavijo y Juan Antonio Loro.<\/p>\n\n\n\n<div class=\"wp-block-cover\"><span aria-hidden=\"true\" class=\"wp-block-cover__background has-background-dim\"><\/span><img loading=\"lazy\" decoding=\"async\" width=\"1024\" height=\"768\" class=\"wp-block-cover__image-background wp-image-380\" alt=\"\" src=\"http:\/\/pepamerlo.es\/wp-content\/uploads\/2024\/01\/caminos-estelares-5-1024x768.jpeg\" data-object-fit=\"cover\" srcset=\"https:\/\/pepamerlo.es\/wp-content\/uploads\/2024\/01\/caminos-estelares-5-1024x768.jpeg 1024w, https:\/\/pepamerlo.es\/wp-content\/uploads\/2024\/01\/caminos-estelares-5-300x225.jpeg 300w, https:\/\/pepamerlo.es\/wp-content\/uploads\/2024\/01\/caminos-estelares-5-768x576.jpeg 768w, https:\/\/pepamerlo.es\/wp-content\/uploads\/2024\/01\/caminos-estelares-5-1536x1152.jpeg 1536w, https:\/\/pepamerlo.es\/wp-content\/uploads\/2024\/01\/caminos-estelares-5.jpeg 2048w\" sizes=\"auto, (max-width: 1024px) 100vw, 1024px\" \/><div class=\"wp-block-cover__inner-container is-layout-flow wp-block-cover-is-layout-flow\">\n<p class=\"has-text-align-center has-large-font-size\">Caminos estelares<\/p>\n<\/div><\/div>\n\n\n\n<figure class=\"wp-block-image size-full\"><img loading=\"lazy\" decoding=\"async\" width=\"768\" height=\"1024\" src=\"https:\/\/pepamerlo.es\/wp-content\/uploads\/2025\/03\/PHOTO-2024-01-01-12-23-15.jpg\" alt=\"\" class=\"wp-image-431\" srcset=\"https:\/\/pepamerlo.es\/wp-content\/uploads\/2025\/03\/PHOTO-2024-01-01-12-23-15.jpg 768w, https:\/\/pepamerlo.es\/wp-content\/uploads\/2025\/03\/PHOTO-2024-01-01-12-23-15-225x300.jpg 225w\" sizes=\"auto, (max-width: 768px) 100vw, 768px\" \/><\/figure>\n\n\n\n<figure class=\"wp-block-image size-full\"><img loading=\"lazy\" decoding=\"async\" width=\"1024\" height=\"768\" src=\"http:\/\/pepamerlo.es\/wp-content\/uploads\/2024\/01\/caminos-estelares8.jpeg\" alt=\"\" class=\"wp-image-375\" srcset=\"https:\/\/pepamerlo.es\/wp-content\/uploads\/2024\/01\/caminos-estelares8.jpeg 1024w, https:\/\/pepamerlo.es\/wp-content\/uploads\/2024\/01\/caminos-estelares8-300x225.jpeg 300w, https:\/\/pepamerlo.es\/wp-content\/uploads\/2024\/01\/caminos-estelares8-768x576.jpeg 768w\" sizes=\"auto, (max-width: 1024px) 100vw, 1024px\" \/><\/figure>\n\n\n\n<p><\/p>\n\n\n\n<p>Con Moncho Otero, Rafa Mora, Juan Antonio Loro y Manu Clavijo en el espect\u00e1culo <em>Caminos estelares.<\/em> <\/p>\n\n\n\n<figure class=\"wp-block-image size-full\"><img loading=\"lazy\" decoding=\"async\" width=\"768\" height=\"1024\" src=\"http:\/\/pepamerlo.es\/wp-content\/uploads\/2024\/01\/caminos-estelares-6.jpeg\" alt=\"\" class=\"wp-image-376\" srcset=\"https:\/\/pepamerlo.es\/wp-content\/uploads\/2024\/01\/caminos-estelares-6.jpeg 768w, https:\/\/pepamerlo.es\/wp-content\/uploads\/2024\/01\/caminos-estelares-6-225x300.jpeg 225w\" sizes=\"auto, (max-width: 768px) 100vw, 768px\" \/><\/figure>\n\n\n\n<figure class=\"wp-block-image size-full\"><img loading=\"lazy\" decoding=\"async\" width=\"1024\" height=\"768\" src=\"http:\/\/pepamerlo.es\/wp-content\/uploads\/2024\/01\/Granada-Femenino-singular.jpeg\" alt=\"\" class=\"wp-image-381\" srcset=\"https:\/\/pepamerlo.es\/wp-content\/uploads\/2024\/01\/Granada-Femenino-singular.jpeg 1024w, https:\/\/pepamerlo.es\/wp-content\/uploads\/2024\/01\/Granada-Femenino-singular-300x225.jpeg 300w, https:\/\/pepamerlo.es\/wp-content\/uploads\/2024\/01\/Granada-Femenino-singular-768x576.jpeg 768w\" sizes=\"auto, (max-width: 1024px) 100vw, 1024px\" \/><\/figure>\n\n\n\n<p>Con Juan Pinilla, David Caro y  Ver\u00f3nika F\u00fcredi en el espect\u00e1culo <em>Granada, femenino singular.<\/em><\/p>\n\n\n\n<figure class=\"wp-block-image size-full\"><img loading=\"lazy\" decoding=\"async\" width=\"1024\" height=\"771\" src=\"http:\/\/pepamerlo.es\/wp-content\/uploads\/2024\/01\/al-son-del-tamborilero3.jpeg\" alt=\"\" class=\"wp-image-377\" srcset=\"https:\/\/pepamerlo.es\/wp-content\/uploads\/2024\/01\/al-son-del-tamborilero3.jpeg 1024w, https:\/\/pepamerlo.es\/wp-content\/uploads\/2024\/01\/al-son-del-tamborilero3-300x226.jpeg 300w, https:\/\/pepamerlo.es\/wp-content\/uploads\/2024\/01\/al-son-del-tamborilero3-768x578.jpeg 768w\" sizes=\"auto, (max-width: 1024px) 100vw, 1024px\" \/><\/figure>\n\n\n\n<p>Con Juan Pinilla, David  Caro y Ver\u00f3nika F\u00fcredi en el espect\u00e1culo <em>Al son del tamborilero<\/em><\/p>\n\n\n\n<figure class=\"wp-block-image size-full\"><img loading=\"lazy\" decoding=\"async\" width=\"1024\" height=\"771\" src=\"https:\/\/pepamerlo.es\/wp-content\/uploads\/2025\/03\/PHOTO-2023-12-30-10-24-10-1.jpg\" alt=\"\" class=\"wp-image-434\" srcset=\"https:\/\/pepamerlo.es\/wp-content\/uploads\/2025\/03\/PHOTO-2023-12-30-10-24-10-1.jpg 1024w, https:\/\/pepamerlo.es\/wp-content\/uploads\/2025\/03\/PHOTO-2023-12-30-10-24-10-1-300x226.jpg 300w, https:\/\/pepamerlo.es\/wp-content\/uploads\/2025\/03\/PHOTO-2023-12-30-10-24-10-1-768x578.jpg 768w\" sizes=\"auto, (max-width: 1024px) 100vw, 1024px\" \/><\/figure>\n\n\n\n<figure class=\"wp-block-image size-full\"><img loading=\"lazy\" decoding=\"async\" width=\"1024\" height=\"771\" src=\"https:\/\/pepamerlo.es\/wp-content\/uploads\/2025\/03\/PHOTO-2023-12-30-10-24-10.jpg\" alt=\"\" class=\"wp-image-435\" srcset=\"https:\/\/pepamerlo.es\/wp-content\/uploads\/2025\/03\/PHOTO-2023-12-30-10-24-10.jpg 1024w, https:\/\/pepamerlo.es\/wp-content\/uploads\/2025\/03\/PHOTO-2023-12-30-10-24-10-300x226.jpg 300w, https:\/\/pepamerlo.es\/wp-content\/uploads\/2025\/03\/PHOTO-2023-12-30-10-24-10-768x578.jpg 768w\" sizes=\"auto, (max-width: 1024px) 100vw, 1024px\" \/><\/figure>\n\n\n\n<figure class=\"wp-block-image size-full\"><img loading=\"lazy\" decoding=\"async\" width=\"1024\" height=\"771\" src=\"http:\/\/pepamerlo.es\/wp-content\/uploads\/2024\/01\/Al-son-del-tamborilero.jpeg\" alt=\"\" class=\"wp-image-378\" srcset=\"https:\/\/pepamerlo.es\/wp-content\/uploads\/2024\/01\/Al-son-del-tamborilero.jpeg 1024w, https:\/\/pepamerlo.es\/wp-content\/uploads\/2024\/01\/Al-son-del-tamborilero-300x226.jpeg 300w, https:\/\/pepamerlo.es\/wp-content\/uploads\/2024\/01\/Al-son-del-tamborilero-768x578.jpeg 768w\" sizes=\"auto, (max-width: 1024px) 100vw, 1024px\" \/><\/figure>\n","protected":false},"excerpt":{"rendered":"<p>Con Rafa Mora, Moncho Otero y Juan Antonio Loro en el espect\u00e1culo Versos de otro tiempo. Con Juan Antonio Loro en el espect\u00e1culo Deshaciendo lo injusto sobre Gloria Fuertes. Espect\u00e1culo \u00abDonde me pidas, ir\u00e9\u00bb con Rafa Mora, Moncho Otero, Manu Clavijo y Juan Antonio Loro. Con Moncho Otero, Rafa Mora, Juan Antonio Loro y Manu [&hellip;]<\/p>\n","protected":false},"author":2,"featured_media":0,"parent":0,"menu_order":0,"comment_status":"closed","ping_status":"closed","template":"","meta":{"footnotes":""},"class_list":["post-125","page","type-page","status-publish","hentry"],"aioseo_notices":[],"_links":{"self":[{"href":"https:\/\/pepamerlo.es\/index.php?rest_route=\/wp\/v2\/pages\/125","targetHints":{"allow":["GET"]}}],"collection":[{"href":"https:\/\/pepamerlo.es\/index.php?rest_route=\/wp\/v2\/pages"}],"about":[{"href":"https:\/\/pepamerlo.es\/index.php?rest_route=\/wp\/v2\/types\/page"}],"author":[{"embeddable":true,"href":"https:\/\/pepamerlo.es\/index.php?rest_route=\/wp\/v2\/users\/2"}],"replies":[{"embeddable":true,"href":"https:\/\/pepamerlo.es\/index.php?rest_route=%2Fwp%2Fv2%2Fcomments&post=125"}],"version-history":[{"count":5,"href":"https:\/\/pepamerlo.es\/index.php?rest_route=\/wp\/v2\/pages\/125\/revisions"}],"predecessor-version":[{"id":436,"href":"https:\/\/pepamerlo.es\/index.php?rest_route=\/wp\/v2\/pages\/125\/revisions\/436"}],"wp:attachment":[{"href":"https:\/\/pepamerlo.es\/index.php?rest_route=%2Fwp%2Fv2%2Fmedia&parent=125"}],"curies":[{"name":"wp","href":"https:\/\/api.w.org\/{rel}","templated":true}]}}